{"id":2,"date":"2025-04-23T17:49:24","date_gmt":"2025-04-23T17:49:24","guid":{"rendered":"http:\/\/aimeq.ca\/?page_id=2"},"modified":"2025-04-23T21:31:57","modified_gmt":"2025-04-24T01:31:57","slug":"sample-page","status":"publish","type":"page","link":"https:\/\/aimeq.ca\/","title":{"rendered":"Quand il n\u2019y a pas de norme, il faut la cr\u00e9er."},"content":{"rendered":"\n<p>L&#8217;AIMEQ \u2013 L&#8217;acad\u00e9mie des intervenants en m\u00e9decine et en s\u00e9curit\u00e9 \u00e9v\u00e9nementielle du Qu\u00e9bec \u2013 entend jouer un r\u00f4le central dans la <strong>structuration, la reconnaissance et la professionnalisation<\/strong> de la sant\u00e9 et de la s\u00e9curit\u00e9 en contexte \u00e9v\u00e9nementiel au Qu\u00e9bec.<\/p>\n\n\n\n<p>Fond\u00e9e par des experts de l\u2019urgence pr\u00e9hospitali\u00e8re, de la s\u00e9curit\u00e9 \u00e9v\u00e9nementielle et de la gestion des risques, l\u2019AIMEQ d\u00e9veloppe un <strong>cadre normatif rigoureux<\/strong> pour encadrer les services m\u00e9dicaux, les services de premiers soins et de premiers r\u00e9pondants, ainsi que les agences de s\u00e9curit\u00e9 \u0153uvrant lors d\u2019\u00e9v\u00e9nements publics et priv\u00e9s.<\/p>\n\n\n\n<p>Nos lignes directrices et certifications officielles seront \u00e9labor\u00e9es en collaboration avec les <strong>f\u00e9d\u00e9rations sportives nationales et provinciales<\/strong>, et visent \u00e0 r\u00e9pondre aux attentes croissantes des <strong>assureurs, des autorit\u00e9s publiques et des acteurs de l\u2019industrie \u00e9v\u00e9nementielle<\/strong>.<\/p>\n\n\n\n<p><strong>Notre mission : \u00e9tablir une r\u00e9f\u00e9rence cr\u00e9dible, ind\u00e9pendante et incontournable.<\/strong><\/p>\n\n\n\n<p>Les premi\u00e8res annonces officielles concernant les standards et les parcours de certification seront d\u00e9voil\u00e9es sous peu.<\/p>\n\n\n\n<p><strong>Lancement pr\u00e9vu d\u2019ici la fin 2025<\/strong><br>Inscrivez-vous d\u00e8s maintenant pour suivre l\u2019\u00e9volution du projet \u2014 et faites partie de ceux qui participeront \u00e0 <strong>red\u00e9finir l\u2019\u00e9v\u00e9nementiel au Qu\u00e9bec<\/strong>.<\/p>\n\n\n\n<p><\/p>\n","protected":false},"excerpt":{"rendered":"<p>L&#8217;AIMEQ \u2013 L&#8217;acad\u00e9mie des intervenants en m\u00e9decine et en s\u00e9curit\u00e9 \u00e9v\u00e9nementielle du Qu\u00e9bec \u2013 entend jouer un r\u00f4le central dans la structuration, la reconnaissance et la professionnalisation de la sant\u00e9 et de la s\u00e9curit\u00e9 en contexte \u00e9v\u00e9nementiel au Qu\u00e9bec. Fond\u00e9e par des experts de l\u2019urgence pr\u00e9hospitali\u00e8re, de la s\u00e9curit\u00e9 \u00e9v\u00e9nementielle et de la gestion des [&hellip;]<\/p>\n","protected":false},"author":1,"featured_media":0,"parent":0,"menu_order":0,"comment_status":"closed","ping_status":"open","template":"","meta":{"footnotes":""},"class_list":["post-2","page","type-page","status-publish","hentry"],"_links":{"self":[{"href":"https:\/\/aimeq.ca\/index.php?rest_route=\/wp\/v2\/pages\/2","targetHints":{"allow":["GET"]}}],"collection":[{"href":"https:\/\/aimeq.ca\/index.php?rest_route=\/wp\/v2\/pages"}],"about":[{"href":"https:\/\/aimeq.ca\/index.php?rest_route=\/wp\/v2\/types\/page"}],"author":[{"embeddable":true,"href":"https:\/\/aimeq.ca\/index.php?rest_route=\/wp\/v2\/users\/1"}],"replies":[{"embeddable":true,"href":"https:\/\/aimeq.ca\/index.php?rest_route=%2Fwp%2Fv2%2Fcomments&post=2"}],"version-history":[{"count":1,"href":"https:\/\/aimeq.ca\/index.php?rest_route=\/wp\/v2\/pages\/2\/revisions"}],"predecessor-version":[{"id":11,"href":"https:\/\/aimeq.ca\/index.php?rest_route=\/wp\/v2\/pages\/2\/revisions\/11"}],"wp:attachment":[{"href":"https:\/\/aimeq.ca\/index.php?rest_route=%2Fwp%2Fv2%2Fmedia&parent=2"}],"curies":[{"name":"wp","href":"https:\/\/api.w.org\/{rel}","templated":true}]}}